{"id":531,"date":"2023-02-10T05:47:00","date_gmt":"2023-02-10T05:47:00","guid":{"rendered":"https:\/\/www.elementarerfahrungen.de\/shop\/allgemeine_geschaeftsbedingungen\/"},"modified":"2024-05-06T11:11:36","modified_gmt":"2024-05-06T09:11:36","slug":"allgemeine_geschaeftsbedingungen","status":"publish","type":"page","link":"https:\/\/www.elementar-erfahrungen.de\/shop\/allgemeine_geschaeftsbedingungen\/","title":{"rendered":"Allgemeine Gesch\u00e4ftsbedingungen"},"content":{"rendered":"<p class=\"bodytext\"><b>Anmeldung und Zahlung:\u2028<\/b><br \/>\nDie Teilnahme gilt mit dem Absenden des Anmelde-Formulars als verbindlich. Die Zahlung der Kursgeb\u00fchr ist innerhalb 14 Tag zu \u00fcberweisen. Sollte nach Absenden des Formulars keine automatische Best\u00e4tigung erfolgen oder in dieser die Kontodaten fehlen, so ist der Teilnehmer\/die Teilnehmerin (im Folgenden kurz TN genannt) verpflichtet, umgehend selbst (telefonisch oder per Mail) f\u00fcr Kl\u00e4rung zu sorgen und sich die notwendigen Daten zu beschaffen. Nach Zahlungseingang erh\u00e4lt der TN eine Best\u00e4tiung per E-Mail.<\/p>\n<p class=\"bodytext\"><b>R\u00fcckritt:\u2028 <\/b><br \/>\nDer TN kann jederzeit vor Veranstaltungsbeginn zur\u00fccktreten. Der R\u00fccktritt muss schriftlich erfolgen (Poststempel). Bei R\u00fccktritt bis 21 Tage vor Kursbeginn berechnen wir 30% der Kursgeb\u00fchr, bis 14 Tage vorher 50%, bis 7 Tage vorher 75% der Kursgeb\u00fchr, danach erfolgt keine R\u00fcckzahlung. Der Veranstalter beh\u00e4lt sich das Recht vor, die Kurse bei Unterschreitung der Mindestteilnehmerzahl rechtzeitig abzusagen, die Kursgeb\u00fchr wird zur\u00fcckerstattet.<\/p>\n<p class=\"bodytext\"><b>Haftung: <\/b><br \/>\nDie \u00dcbungen der Seminare finden teilweise drau\u00dfen in der Natur statt. Die Teilnehmer sind verpflichtet, den Sicherheitsanweisungen der Leiter Folge zu leisten. Mit der Anmeldung erkennt der TN an, dass er f\u00fcr seine eigenen Handlungen im Rahmen des Kurses und deren Folgen selbst verantwortlich ist. Die Haftung des Veranstalters ist auf Vorsatz und grobe Fahrl\u00e4ssigkeit beschr\u00e4nkt. <b>Alkohol und andere Drogen sind im Camp nicht erw\u00fcnscht. Es wird bei Veranstaltungen mit Kindern darum gebeten, dass sich Erwachsene vorbildlich verhalten.<\/b><\/p>\n<p class=\"bodytext\"><b>Minderj\u00e4hrige Teilnehmer:\u2028<\/b><br \/>\nBei minderj\u00e4hrigen Teilnehmern, die <b>ohne Begleitung<\/b> von Erziehungsberechtigten kommen, ist zu der Online- Anmeldung von den Erziehungsberechtigten eine Erkl\u00e4rung zu unterschreiben (Diese ist auf der Anmeldeseite herunter zu lade), die bei Kursbeginn abzugeben oder im Vorfeld per Post dem Veranstalter zu schicken ist. Mit ihrer Unterschrift bescheinigen die Erziehungsberechtigten u.a., dass das Kind bef\u00e4higt ist, an dem Kurs teilzunehmen. Abweichungen sind vor Kursbeginn dem Leiter\/Leiterin bekanntzugeben und abzukl\u00e4ren. Au\u00dferdem sind die Erziehungsberechtigten verpflichtet, den Leiter\/Leiterin von gesundheitlichen Einschr\u00e4nkungen (z.B. Allergien usw.) schriftlich in Kenntnis zu setzen.<\/p>\n<p class=\"bodytext\"><b>Kursausschluss: <\/b><br \/>\nDem Leiter\/Leiterin ist das Recht vorbehalten, ein (nicht von Erwachsenen begleitetes) Kind bei grober bzw. fahrl\u00e4ssiger Gef\u00e4hrdung des Wohls des Kindes und\/oder das anderer Personen (z.B. bei wiederholter Missachtung der Sicherheitsanweisungen des Leiters), bei Sch\u00e4den, Krankheit, Heimweh, Verletzung etc. vom Kurs auszuschlie\u00dfen. Die Eltern werden dann gebeten ihr Kind abzuholen.<\/p>\n<p class=\"bodytext\"><b>Bei Begleitung<\/b> der Kinder\/Sch\u00fcler durch Erwachsene\/Lehrer\/Eltern, ist der Kursleiter\/Kursleiterin von der Aufsichtspflicht dieser Kinder entbunden. Damit obliegt den erwachsenen Begleitern die Aufsicht.<\/p>\n","protected":false},"excerpt":{"rendered":"<p>Anmeldung und Zahlung:\u2028<br \/>\nDie Teilnahme gilt mit dem Absenden des Anmelde-Formulars als verbindlich. Die Zahlung der Kursgeb\u00fchr ist innerhalb 14 Tag zu \u00fcberweisen. Sollte nach Absenden des Formulars keine automatische Best\u00e4tigung erfolgen oder in dieser die Kontodaten fehlen, so ist der Teilnehmer\/die Teilnehmerin (im Folgenden kurz TN genannt) verpflichtet, umgehend selbst (telefonisch oder per Mail) f\u00fcr &#8230; <a title=\"Allgemeine Gesch\u00e4ftsbedingungen\" class=\"read-more\" href=\"https:\/\/www.elementar-erfahrungen.de\/shop\/allgemeine_geschaeftsbedingungen\/\" aria-label=\"Mehr Informationen \u00fcber Allgemeine Gesch\u00e4ftsbedingungen\">Weiterlesen<\/a><\/p>\n","protected":false},"author":1,"featured_media":0,"parent":0,"menu_order":10,"comment_status":"closed","ping_status":"closed","template":"","meta":{"_acf_changed":false,"footnotes":""},"class_list":["post-531","page","type-page","status-publish"],"acf":[],"_links":{"self":[{"href":"https:\/\/www.elementar-erfahrungen.de\/shop\/wp-json\/wp\/v2\/pages\/531","targetHints":{"allow":["GET"]}}],"collection":[{"href":"https:\/\/www.elementar-erfahrungen.de\/shop\/wp-json\/wp\/v2\/pages"}],"about":[{"href":"https:\/\/www.elementar-erfahrungen.de\/shop\/wp-json\/wp\/v2\/types\/page"}],"author":[{"embeddable":true,"href":"https:\/\/www.elementar-erfahrungen.de\/shop\/wp-json\/wp\/v2\/users\/1"}],"replies":[{"embeddable":true,"href":"https:\/\/www.elementar-erfahrungen.de\/shop\/wp-json\/wp\/v2\/comments?post=531"}],"version-history":[{"count":6,"href":"https:\/\/www.elementar-erfahrungen.de\/shop\/wp-json\/wp\/v2\/pages\/531\/revisions"}],"predecessor-version":[{"id":2349,"href":"https:\/\/www.elementar-erfahrungen.de\/shop\/wp-json\/wp\/v2\/pages\/531\/revisions\/2349"}],"wp:attachment":[{"href":"https:\/\/www.elementar-erfahrungen.de\/shop\/wp-json\/wp\/v2\/media?parent=531"}],"curies":[{"name":"wp","href":"https:\/\/api.w.org\/{rel}","templated":true}]}}