{"id":2396,"date":"2024-06-14T23:31:21","date_gmt":"2024-06-14T21:31:21","guid":{"rendered":"https:\/\/www.elementar-erfahrungen.de\/shop\/?post_type=product&#038;p=2396"},"modified":"2025-12-06T20:26:17","modified_gmt":"2025-12-06T19:26:17","slug":"wp-2-der-naechste-schritt-fuer-wildnispaedagogen","status":"publish","type":"product","link":"https:\/\/www.elementar-erfahrungen.de\/shop\/produkt\/wp-2-der-naechste-schritt-fuer-wildnispaedagogen\/","title":{"rendered":"WP 2 &#8211; Der n\u00e4chste Schritt f\u00fcr Wildnisp\u00e4dagogen"},"content":{"rendered":"","protected":false},"excerpt":{"rendered":"<p><strong>Fr\u00fchbucherpreis bis 1. Mai 2026:<\/strong><br \/>\nEinmalig 1950\u20ac<br \/>\n10 Raten \u00e0 200 \u20ac bezahlt werden.<\/p>\n","protected":false},"featured_media":2826,"template":"","meta":{"_acf_changed":false,"footnotes":""},"product_brand":[],"product_cat":[24,74],"product_tag":[121,124],"class_list":{"0":"post-2396","1":"product","2":"type-product","3":"status-publish","4":"has-post-thumbnail","6":"product_cat-erwachsene","7":"product_cat-wildnisschule-chiemgau","8":"product_tag-wildnispaedagogik","9":"product_tag-wp2","10":"sales-flash-overlay","11":"woocommerce-text-align-center","12":"woocommerce-image-align-center","13":"do-quantity-buttons","15":"first","16":"instock","17":"virtual","18":"product-type-simple"},"acf":[],"_links":{"self":[{"href":"https:\/\/www.elementar-erfahrungen.de\/shop\/wp-json\/wp\/v2\/product\/2396","targetHints":{"allow":["GET"]}}],"collection":[{"href":"https:\/\/www.elementar-erfahrungen.de\/shop\/wp-json\/wp\/v2\/product"}],"about":[{"href":"https:\/\/www.elementar-erfahrungen.de\/shop\/wp-json\/wp\/v2\/types\/product"}],"version-history":[{"count":13,"href":"https:\/\/www.elementar-erfahrungen.de\/shop\/wp-json\/wp\/v2\/product\/2396\/revisions"}],"predecessor-version":[{"id":2963,"href":"https:\/\/www.elementar-erfahrungen.de\/shop\/wp-json\/wp\/v2\/product\/2396\/revisions\/2963"}],"wp:featuredmedia":[{"embeddable":true,"href":"https:\/\/www.elementar-erfahrungen.de\/shop\/wp-json\/wp\/v2\/media\/2826"}],"wp:attachment":[{"href":"https:\/\/www.elementar-erfahrungen.de\/shop\/wp-json\/wp\/v2\/media?parent=2396"}],"wp:term":[{"taxonomy":"product_brand","embeddable":true,"href":"https:\/\/www.elementar-erfahrungen.de\/shop\/wp-json\/wp\/v2\/product_brand?post=2396"},{"taxonomy":"product_cat","embeddable":true,"href":"https:\/\/www.elementar-erfahrungen.de\/shop\/wp-json\/wp\/v2\/product_cat?post=2396"},{"taxonomy":"product_tag","embeddable":true,"href":"https:\/\/www.elementar-erfahrungen.de\/shop\/wp-json\/wp\/v2\/product_tag?post=2396"}],"curies":[{"name":"wp","href":"https:\/\/api.w.org\/{rel}","templated":true}]}}