{"id":2543,"date":"2024-09-26T14:25:27","date_gmt":"2024-09-26T12:25:27","guid":{"rendered":"https:\/\/www.elementar-erfahrungen.de\/shop\/?post_type=product&#038;p=2543"},"modified":"2025-08-11T10:25:22","modified_gmt":"2025-08-11T08:25:22","slug":"wilde-familie-sommer","status":"publish","type":"product","link":"https:\/\/www.elementar-erfahrungen.de\/shop\/produkt\/wilde-familie-sommer\/","title":{"rendered":"Wilde Familie &#8211; Sommer"},"content":{"rendered":"<p>AUSGEBUCHT<\/p>\n","protected":false},"excerpt":{"rendered":"<p><strong>Stammesleben erfahren &amp;<br \/>\n\u00dcberg\u00e4nge f\u00fcr Jugendliche* <\/strong>(Zusatzangebot auf fr\u00fchzeitige Nachfrage: seperater Buchungslink!!!!!!)<\/p>\n<p><strong>* HINWEIS: Dieses Jahr 2025 keine \u00dcbergangsrituale<\/strong><\/p>\n<p>Der Stamm formt sich ab Samstag, Ankommen ab 10 h, 11.30 h (1. gro\u00dfer Kreis) \u2013 <strong>ein gemeinsamer Start ist essentiell f\u00fcr Deine Teilnahme<\/strong>. Sp\u00e4tere Anreise ist NICHT m\u00f6glich. Besuch NICHT m\u00f6glich. Fr\u00fcher abreisen unerw\u00fcnscht.<\/p>\n<ul>\n<li>Kinder bis 3 Jahre sind frei<\/li>\n<li>Junge Erwachsene von 18.- 21. Jahren zahlen 180 \u20ac f\u00fcr\u2019s Camp. Und brauchen eine <strong>eigene Erwachsenen-Vereins-Mitgliedschaft<\/strong><\/li>\n<li><strong><a href=\"https:\/\/www.elementar-erfahrungen.de\/wp-content\/uploads\/2023\/10\/Mitgliedsantrag-2024.pdf\" target=\"_blank\" rel=\"noopener\">Vereins-Mitglieds-Antrag<\/a><\/strong><\/li>\n<li><strong>Keine Ratenzahlung m\u00f6glich<\/strong><\/li>\n<li><strong>SEPA Lastschriftverfahren f\u00fcr Beitragszahlung<\/strong><\/li>\n<\/ul>\n","protected":false},"featured_media":1861,"template":"","meta":{"_acf_changed":false,"footnotes":""},"product_brand":[],"product_cat":[30,74],"product_tag":[],"class_list":{"0":"post-2543","1":"product","2":"type-product","3":"status-publish","4":"has-post-thumbnail","6":"product_cat-familien","7":"product_cat-wildnisschule-chiemgau","8":"sales-flash-overlay","9":"woocommerce-text-align-center","10":"woocommerce-image-align-center","11":"do-quantity-buttons","13":"first","14":"instock","15":"virtual","16":"product-type-simple"},"acf":[],"_links":{"self":[{"href":"https:\/\/www.elementar-erfahrungen.de\/shop\/wp-json\/wp\/v2\/product\/2543","targetHints":{"allow":["GET"]}}],"collection":[{"href":"https:\/\/www.elementar-erfahrungen.de\/shop\/wp-json\/wp\/v2\/product"}],"about":[{"href":"https:\/\/www.elementar-erfahrungen.de\/shop\/wp-json\/wp\/v2\/types\/product"}],"version-history":[{"count":16,"href":"https:\/\/www.elementar-erfahrungen.de\/shop\/wp-json\/wp\/v2\/product\/2543\/revisions"}],"predecessor-version":[{"id":2881,"href":"https:\/\/www.elementar-erfahrungen.de\/shop\/wp-json\/wp\/v2\/product\/2543\/revisions\/2881"}],"wp:featuredmedia":[{"embeddable":true,"href":"https:\/\/www.elementar-erfahrungen.de\/shop\/wp-json\/wp\/v2\/media\/1861"}],"wp:attachment":[{"href":"https:\/\/www.elementar-erfahrungen.de\/shop\/wp-json\/wp\/v2\/media?parent=2543"}],"wp:term":[{"taxonomy":"product_brand","embeddable":true,"href":"https:\/\/www.elementar-erfahrungen.de\/shop\/wp-json\/wp\/v2\/product_brand?post=2543"},{"taxonomy":"product_cat","embeddable":true,"href":"https:\/\/www.elementar-erfahrungen.de\/shop\/wp-json\/wp\/v2\/product_cat?post=2543"},{"taxonomy":"product_tag","embeddable":true,"href":"https:\/\/www.elementar-erfahrungen.de\/shop\/wp-json\/wp\/v2\/product_tag?post=2543"}],"curies":[{"name":"wp","href":"https:\/\/api.w.org\/{rel}","templated":true}]}}