{"id":2993,"date":"2026-01-03T01:55:35","date_gmt":"2026-01-03T00:55:35","guid":{"rendered":"https:\/\/www.elementar-erfahrungen.de\/shop\/?post_type=product&#038;p=2993"},"modified":"2026-01-09T22:28:35","modified_gmt":"2026-01-09T21:28:35","slug":"uebergangsritual-fuer-jungs-13-17","status":"publish","type":"product","link":"https:\/\/www.elementar-erfahrungen.de\/shop\/produkt\/uebergangsritual-fuer-jungs-13-17\/","title":{"rendered":"\u00dcbergangsritual f\u00fcr Jungs von 13 &#8211; 17"},"content":{"rendered":"<p>Der Beitrag ist eine Wertsch\u00e4tzung f\u00fcr die Zeremonie. Bitte bring ihn in einem Umschlag mit Namen mit.<\/p>\n<p><strong>ANMELDESCHLUSS: 15. M\u00e4rz 2026<\/strong><\/p>\n<p>&nbsp;<\/p>\n","protected":false},"excerpt":{"rendered":"<p>Sende uns erst \u00fcber das Kontaktformular eine E-Mail f\u00fcr ein Vorgespr\u00e4ch.<\/p>\n","protected":false},"featured_media":1721,"template":"","meta":{"_acf_changed":false,"footnotes":""},"product_brand":[],"product_cat":[30,23],"product_tag":[131,99,106],"class_list":{"0":"post-2993","1":"product","2":"type-product","3":"status-publish","4":"has-post-thumbnail","6":"product_cat-familien","7":"product_cat-kinder-jugendliche","8":"product_tag-uebergang-jugendliche","9":"product_tag-uebergangsritual-jugendliche","10":"product_tag-wilde-familie","11":"sales-flash-overlay","12":"woocommerce-text-align-center","13":"woocommerce-image-align-center","14":"do-quantity-buttons","16":"first","17":"instock","18":"virtual","19":"product-type-simple"},"acf":[],"_links":{"self":[{"href":"https:\/\/www.elementar-erfahrungen.de\/shop\/wp-json\/wp\/v2\/product\/2993","targetHints":{"allow":["GET"]}}],"collection":[{"href":"https:\/\/www.elementar-erfahrungen.de\/shop\/wp-json\/wp\/v2\/product"}],"about":[{"href":"https:\/\/www.elementar-erfahrungen.de\/shop\/wp-json\/wp\/v2\/types\/product"}],"version-history":[{"count":10,"href":"https:\/\/www.elementar-erfahrungen.de\/shop\/wp-json\/wp\/v2\/product\/2993\/revisions"}],"predecessor-version":[{"id":3028,"href":"https:\/\/www.elementar-erfahrungen.de\/shop\/wp-json\/wp\/v2\/product\/2993\/revisions\/3028"}],"wp:featuredmedia":[{"embeddable":true,"href":"https:\/\/www.elementar-erfahrungen.de\/shop\/wp-json\/wp\/v2\/media\/1721"}],"wp:attachment":[{"href":"https:\/\/www.elementar-erfahrungen.de\/shop\/wp-json\/wp\/v2\/media?parent=2993"}],"wp:term":[{"taxonomy":"product_brand","embeddable":true,"href":"https:\/\/www.elementar-erfahrungen.de\/shop\/wp-json\/wp\/v2\/product_brand?post=2993"},{"taxonomy":"product_cat","embeddable":true,"href":"https:\/\/www.elementar-erfahrungen.de\/shop\/wp-json\/wp\/v2\/product_cat?post=2993"},{"taxonomy":"product_tag","embeddable":true,"href":"https:\/\/www.elementar-erfahrungen.de\/shop\/wp-json\/wp\/v2\/product_tag?post=2993"}],"curies":[{"name":"wp","href":"https:\/\/api.w.org\/{rel}","templated":true}]}}